{"id":1445,"date":"2023-03-07T21:24:12","date_gmt":"2023-03-07T20:24:12","guid":{"rendered":"https:\/\/www.decisioneo.fr\/?page_id=1445"},"modified":"2023-03-12T20:20:50","modified_gmt":"2023-03-12T19:20:50","slug":"observatoire","status":"publish","type":"page","link":"https:\/\/www.decisioneo.fr\/index.php\/observatoire\/","title":{"rendered":"Observatoire"},"content":{"rendered":"\t\t<div data-elementor-type=\"wp-page\" data-elementor-id=\"1445\" class=\"elementor elementor-1445\">\n\t\t\t\t\t\t<div class=\"elementor-inner\">\n\t\t\t\t<div class=\"elementor-section-wrap\">\n\t\t\t\t\t\t\t\t\t<section class=\"elementor-section elementor-top-section elementor-element elementor-element-48c6790a elementor-section-boxed elementor-section-height-default elementor-section-height-default\" data-id=\"48c6790a\" data-element_type=\"section\" data-settings=\"{&quot;background_background&quot;:&quot;classic&quot;,&quot;shape_divider_bottom&quot;:&quot;triangle&quot;,&quot;shape_divider_bottom_negative&quot;:&quot;yes&quot;}\">\n\t\t\t\t\t\t\t<div class=\"elementor-background-overlay\"><\/div>\n\t\t\t\t\t\t<div class=\"elementor-shape elementor-shape-bottom\" data-negative=\"true\">\n\t\t\t<svg xmlns=\"http:\/\/www.w3.org\/2000\/svg\" viewBox=\"0 0 1000 100\" preserveAspectRatio=\"none\">\n\t<path class=\"elementor-shape-fill\" d=\"M500.2,94.7L0,0v100h1000V0L500.2,94.7z\"\/>\n<\/svg>\t\t<\/div>\n\t\t\t\t\t<div class=\"elementor-container elementor-column-gap-default\">\n\t\t\t\t\t\t\t<div class=\"elementor-row\">\n\t\t\t\t\t<div class=\"elementor-column elementor-col-100 elementor-top-column elementor-element elementor-element-5bdb1d68\" data-id=\"5bdb1d68\" data-element_type=\"column\">\n\t\t\t<div class=\"elementor-column-wrap elementor-element-populated\">\n\t\t\t\t\t\t\t<div class=\"elementor-widget-wrap\">\n\t\t\t\t\t\t<div class=\"elementor-element elementor-element-64398d25 elementor-widget-tablet__width-inherit elementor-widget-mobile__width-inherit animated-slow elementor-invisible elementor-widget elementor-widget-heading\" data-id=\"64398d25\" data-element_type=\"widget\" data-settings=\"{&quot;_animation&quot;:&quot;fadeInDown&quot;}\" data-widget_type=\"heading.default\">\n\t\t\t\t<div class=\"elementor-widget-container\">\n\t\t\t<h2 class=\"elementor-heading-title elementor-size-xl\">OBSERVATOIRE<\/h2>\t\t<\/div>\n\t\t\t\t<\/div>\n\t\t\t\t\t\t<\/div>\n\t\t\t\t\t<\/div>\n\t\t<\/div>\n\t\t\t\t\t\t\t\t<\/div>\n\t\t\t\t\t<\/div>\n\t\t<\/section>\n\t\t\t\t<section class=\"elementor-section elementor-top-section elementor-element elementor-element-0972a64 elementor-section-boxed elementor-section-height-default elementor-section-height-default\" data-id=\"0972a64\" data-element_type=\"section\">\n\t\t\t\t\t\t<div class=\"elementor-container elementor-column-gap-default\">\n\t\t\t\t\t\t\t<div class=\"elementor-row\">\n\t\t\t\t\t<div class=\"elementor-column elementor-col-100 elementor-top-column elementor-element elementor-element-d075354\" data-id=\"d075354\" data-element_type=\"column\">\n\t\t\t<div class=\"elementor-column-wrap elementor-element-populated\">\n\t\t\t\t\t\t\t<div class=\"elementor-widget-wrap\">\n\t\t\t\t\t\t<div class=\"elementor-element elementor-element-63f5d38 elementor-widget elementor-widget-text-editor\" data-id=\"63f5d38\" data-element_type=\"widget\" data-widget_type=\"text-editor.default\">\n\t\t\t\t<div class=\"elementor-widget-container\">\n\t\t\t\t\t\t\t\t<div class=\"elementor-text-editor elementor-clearfix\">\n\t\t\t\t<p style=\"text-align: center;\">Toute ann\u00e9e confondue, les ann\u00e9es COVID ont \u00e9t\u00e9 marqu\u00e9es au contraire de toutes les pr\u00e9visions.<\/p>\t\t\t\t\t<\/div>\n\t\t\t\t\t\t<\/div>\n\t\t\t\t<\/div>\n\t\t\t\t\t\t<\/div>\n\t\t\t\t\t<\/div>\n\t\t<\/div>\n\t\t\t\t\t\t\t\t<\/div>\n\t\t\t\t\t<\/div>\n\t\t<\/section>\n\t\t\t\t<section class=\"elementor-section elementor-top-section elementor-element elementor-element-a74690d elementor-section-boxed elementor-section-height-default elementor-section-height-default\" data-id=\"a74690d\" data-element_type=\"section\">\n\t\t\t\t\t\t<div class=\"elementor-container elementor-column-gap-default\">\n\t\t\t\t\t\t\t<div class=\"elementor-row\">\n\t\t\t\t\t<div class=\"elementor-column elementor-col-100 elementor-top-column elementor-element elementor-element-f4dae45\" data-id=\"f4dae45\" data-element_type=\"column\">\n\t\t\t<div class=\"elementor-column-wrap elementor-element-populated\">\n\t\t\t\t\t\t\t<div class=\"elementor-widget-wrap\">\n\t\t\t\t\t\t<div class=\"elementor-element elementor-element-9e17c08 elementor-widget elementor-widget-image\" data-id=\"9e17c08\" data-element_type=\"widget\" data-widget_type=\"image.default\">\n\t\t\t\t<div class=\"elementor-widget-container\">\n\t\t\t\t\t\t\t\t<div class=\"elementor-image\">\n\t\t\t\t\t\t\t\t\t\t\t\t<img loading=\"lazy\" decoding=\"async\" width=\"929\" height=\"462\" src=\"https:\/\/www.decisioneo.fr\/wp-content\/uploads\/2023\/03\/Ouvertures_PCL_2009_2022.png\" class=\"attachment-large size-large\" alt=\"\" srcset=\"https:\/\/www.decisioneo.fr\/wp-content\/uploads\/2023\/03\/Ouvertures_PCL_2009_2022.png 929w, https:\/\/www.decisioneo.fr\/wp-content\/uploads\/2023\/03\/Ouvertures_PCL_2009_2022-300x149.png 300w, https:\/\/www.decisioneo.fr\/wp-content\/uploads\/2023\/03\/Ouvertures_PCL_2009_2022-768x382.png 768w\" sizes=\"auto, (max-width: 929px) 100vw, 929px\" \/>\t\t\t\t\t\t\t\t\t\t\t\t\t\t<\/div>\n\t\t\t\t\t\t<\/div>\n\t\t\t\t<\/div>\n\t\t\t\t\t\t<\/div>\n\t\t\t\t\t<\/div>\n\t\t<\/div>\n\t\t\t\t\t\t\t\t<\/div>\n\t\t\t\t\t<\/div>\n\t\t<\/section>\n\t\t\t\t<section class=\"elementor-section elementor-top-section elementor-element elementor-element-26a76d1 elementor-section-boxed elementor-section-height-default elementor-section-height-default\" data-id=\"26a76d1\" data-element_type=\"section\">\n\t\t\t\t\t\t<div class=\"elementor-container elementor-column-gap-default\">\n\t\t\t\t\t\t\t<div class=\"elementor-row\">\n\t\t\t\t\t<div class=\"elementor-column elementor-col-50 elementor-top-column elementor-element elementor-element-909e72c\" data-id=\"909e72c\" data-element_type=\"column\">\n\t\t\t<div class=\"elementor-column-wrap elementor-element-populated\">\n\t\t\t\t\t\t\t<div class=\"elementor-widget-wrap\">\n\t\t\t\t\t\t<div class=\"elementor-element elementor-element-ffa8c98 elementor-widget elementor-widget-image\" data-id=\"ffa8c98\" data-element_type=\"widget\" data-widget_type=\"image.default\">\n\t\t\t\t<div class=\"elementor-widget-container\">\n\t\t\t\t\t\t\t\t<div class=\"elementor-image\">\n\t\t\t\t\t\t\t\t\t\t\t\t<img loading=\"lazy\" decoding=\"async\" width=\"600\" height=\"400\" src=\"https:\/\/www.decisioneo.fr\/wp-content\/uploads\/2023\/03\/graphe_jugements202302-1.png\" class=\"attachment-large size-large\" alt=\"\" srcset=\"https:\/\/www.decisioneo.fr\/wp-content\/uploads\/2023\/03\/graphe_jugements202302-1.png 600w, https:\/\/www.decisioneo.fr\/wp-content\/uploads\/2023\/03\/graphe_jugements202302-1-300x200.png 300w\" sizes=\"auto, (max-width: 600px) 100vw, 600px\" \/>\t\t\t\t\t\t\t\t\t\t\t\t\t\t<\/div>\n\t\t\t\t\t\t<\/div>\n\t\t\t\t<\/div>\n\t\t\t\t\t\t<\/div>\n\t\t\t\t\t<\/div>\n\t\t<\/div>\n\t\t\t\t<div class=\"elementor-column elementor-col-50 elementor-top-column elementor-element elementor-element-53ca224\" data-id=\"53ca224\" data-element_type=\"column\">\n\t\t\t<div class=\"elementor-column-wrap elementor-element-populated\">\n\t\t\t\t\t\t\t<div class=\"elementor-widget-wrap\">\n\t\t\t\t\t\t<div class=\"elementor-element elementor-element-c8c8658 elementor-widget elementor-widget-text-editor\" data-id=\"c8c8658\" data-element_type=\"widget\" data-widget_type=\"text-editor.default\">\n\t\t\t\t<div class=\"elementor-widget-container\">\n\t\t\t\t\t\t\t\t<div class=\"elementor-text-editor elementor-clearfix\">\n\t\t\t\t<p>Parmi les entreprises faisant l\u2019objet d\u2019une ouverture de proc\u00e9dure collective, il y a eu en <u>F\u00e9vrier 2023 <\/u>:<\/p>\n<ul>\n<li><strong>KOOKAI<\/strong> &#8211; <em>Habillement &#8211; <\/em>144 \u00e9tablissements<br><\/li>\n<li><strong>GO SPORT<\/strong> &#8211; <em>Articles de sport &#8211; <\/em>86 \u00e9tablissements<br><\/li>\n<li><strong>ANDRE<\/strong> &#8211; <em>Chaussures &#8211; <\/em>56 \u00e9tablissements<br><\/li>\n<\/ul>\n<p>Qu&rsquo;en est-il de votre secteur ?<\/p>\n<p>Les cr\u00e9ations et fermetures d&rsquo;\u00e9tablissements par secteur sont \u00e0 regarder avec attention en diff\u00e9renciant les Personnes Morales et les Personnes Physiques.<\/p>\n<p>Entrez votre code NAF, et observez.<\/p>\t\t\t\t\t<\/div>\n\t\t\t\t\t\t<\/div>\n\t\t\t\t<\/div>\n\t\t\t\t\t\t<\/div>\n\t\t\t\t\t<\/div>\n\t\t<\/div>\n\t\t\t\t\t\t\t\t<\/div>\n\t\t\t\t\t<\/div>\n\t\t<\/section>\n\t\t\t\t<section class=\"elementor-section elementor-top-section elementor-element elementor-element-4caaf484 elementor-section-boxed elementor-section-height-default elementor-section-height-default\" data-id=\"4caaf484\" data-element_type=\"section\">\n\t\t\t\t\t\t<div class=\"elementor-container elementor-column-gap-default\">\n\t\t\t\t\t\t\t<div class=\"elementor-row\">\n\t\t\t\t\t<div class=\"elementor-column elementor-col-100 elementor-top-column elementor-element elementor-element-4d0bf393\" data-id=\"4d0bf393\" data-element_type=\"column\">\n\t\t\t<div class=\"elementor-column-wrap elementor-element-populated\">\n\t\t\t\t\t\t\t<div class=\"elementor-widget-wrap\">\n\t\t\t\t\t\t<div class=\"elementor-element elementor-element-10c17d16 elementor-widget elementor-widget-shortcode\" data-id=\"10c17d16\" data-element_type=\"widget\" data-widget_type=\"shortcode.default\">\n\t\t\t\t<div class=\"elementor-widget-container\">\n\t\t\t\t\t<div class=\"elementor-shortcode\"><iframe loading=\"lazy\" id='iframeextranet' src=\"https:\/\/new.decisioneo.fr\/avisnaf.php\" width=\"1200\" height=\"2000\" allow=\"fullscreen\"><\/iframe><\/div>\n\t\t\t\t<\/div>\n\t\t\t\t<\/div>\n\t\t\t\t\t\t<\/div>\n\t\t\t\t\t<\/div>\n\t\t<\/div>\n\t\t\t\t\t\t\t\t<\/div>\n\t\t\t\t\t<\/div>\n\t\t<\/section>\n\t\t\t\t\t\t\t\t\t<\/div>\n\t\t\t<\/div>\n\t\t\t\t\t<\/div>\n\t\t","protected":false},"excerpt":{"rendered":"<p>OBSERVATOIRE Toute ann\u00e9e confondue, les ann\u00e9es COVID ont \u00e9t\u00e9 marqu\u00e9es au contraire de toutes les pr\u00e9visions. Parmi les entreprises faisant l\u2019objet d\u2019une ouverture de proc\u00e9dure collective, il y a eu en F\u00e9vrier 2023 : KOOKAI &#8211; Habillement &#8211; 144 \u00e9tablissements GO SPORT &#8211; Articles de sport &#8211; 86 \u00e9tablissements ANDRE &#8211; Chaussures &#8211; 56 \u00e9tablissements&#8230;<\/p>\n","protected":false},"author":1,"featured_media":0,"parent":0,"menu_order":0,"comment_status":"closed","ping_status":"closed","template":"","meta":{"_kad_post_transparent":"","_kad_post_title":"hide","_kad_post_layout":"fullwidth","_kad_post_sidebar_id":"","_kad_post_content_style":"unboxed","_kad_post_vertical_padding":"hide","_kad_post_feature":"hide","_kad_post_feature_position":"","_kad_post_header":false,"_kad_post_footer":false,"footnotes":""},"class_list":["post-1445","page","type-page","status-publish","hentry"],"yoast_head":"<!-- This site is optimized with the Yoast SEO plugin v19.10 - https:\/\/yoast.com\/wordpress\/plugins\/seo\/ -->\n<title>Observatoire -<\/title>\n<meta name=\"robots\" content=\"index, follow, max-snippet:-1, max-image-preview:large, max-video-preview:-1\" \/>\n<link rel=\"canonical\" href=\"https:\/\/www.decisioneo.fr\/index.php\/observatoire\/\" \/>\n<meta property=\"og:locale\" content=\"fr_FR\" \/>\n<meta property=\"og:type\" content=\"article\" \/>\n<meta property=\"og:title\" content=\"Observatoire -\" \/>\n<meta property=\"og:description\" content=\"OBSERVATOIRE Toute ann\u00e9e confondue, les ann\u00e9es COVID ont \u00e9t\u00e9 marqu\u00e9es au contraire de toutes les pr\u00e9visions. Parmi les entreprises faisant l\u2019objet d\u2019une ouverture de proc\u00e9dure collective, il y a eu en F\u00e9vrier 2023 : KOOKAI &#8211; Habillement &#8211; 144 \u00e9tablissements GO SPORT &#8211; Articles de sport &#8211; 86 \u00e9tablissements ANDRE &#8211; Chaussures &#8211; 56 \u00e9tablissements...\" \/>\n<meta property=\"og:url\" content=\"https:\/\/www.decisioneo.fr\/index.php\/observatoire\/\" \/>\n<meta property=\"article:modified_time\" content=\"2023-03-12T19:20:50+00:00\" \/>\n<meta property=\"og:image\" content=\"https:\/\/www.decisioneo.fr\/wp-content\/uploads\/2023\/03\/Ouvertures_PCL_2009_2022.png\" \/>\n<meta name=\"twitter:card\" content=\"summary_large_image\" \/>\n<meta name=\"twitter:label1\" content=\"Dur\u00e9e de lecture estim\u00e9e\" \/>\n\t<meta name=\"twitter:data1\" content=\"1 minute\" \/>\n<script type=\"application\/ld+json\" class=\"yoast-schema-graph\">{\"@context\":\"https:\/\/schema.org\",\"@graph\":[{\"@type\":\"WebPage\",\"@id\":\"https:\/\/www.decisioneo.fr\/index.php\/observatoire\/\",\"url\":\"https:\/\/www.decisioneo.fr\/index.php\/observatoire\/\",\"name\":\"Observatoire -\",\"isPartOf\":{\"@id\":\"https:\/\/www.decisioneo.fr\/#website\"},\"datePublished\":\"2023-03-07T20:24:12+00:00\",\"dateModified\":\"2023-03-12T19:20:50+00:00\",\"breadcrumb\":{\"@id\":\"https:\/\/www.decisioneo.fr\/index.php\/observatoire\/#breadcrumb\"},\"inLanguage\":\"fr-FR\",\"potentialAction\":[{\"@type\":\"ReadAction\",\"target\":[\"https:\/\/www.decisioneo.fr\/index.php\/observatoire\/\"]}]},{\"@type\":\"BreadcrumbList\",\"@id\":\"https:\/\/www.decisioneo.fr\/index.php\/observatoire\/#breadcrumb\",\"itemListElement\":[{\"@type\":\"ListItem\",\"position\":1,\"name\":\"Accueil\",\"item\":\"https:\/\/www.decisioneo.fr\/\"},{\"@type\":\"ListItem\",\"position\":2,\"name\":\"Observatoire\"}]},{\"@type\":\"WebSite\",\"@id\":\"https:\/\/www.decisioneo.fr\/#website\",\"url\":\"https:\/\/www.decisioneo.fr\/\",\"name\":\"\",\"description\":\"\",\"publisher\":{\"@id\":\"https:\/\/www.decisioneo.fr\/#organization\"},\"potentialAction\":[{\"@type\":\"SearchAction\",\"target\":{\"@type\":\"EntryPoint\",\"urlTemplate\":\"https:\/\/www.decisioneo.fr\/?s={search_term_string}\"},\"query-input\":\"required name=search_term_string\"}],\"inLanguage\":\"fr-FR\"},{\"@type\":\"Organization\",\"@id\":\"https:\/\/www.decisioneo.fr\/#organization\",\"name\":\"D\u00e9cisioNEO\",\"url\":\"https:\/\/www.decisioneo.fr\/\",\"logo\":{\"@type\":\"ImageObject\",\"inLanguage\":\"fr-FR\",\"@id\":\"https:\/\/www.decisioneo.fr\/#\/schema\/logo\/image\/\",\"url\":\"https:\/\/www.decisioneo.fr\/wp-content\/uploads\/2020\/11\/cropped-DecisioNEO_icone-1.png\",\"contentUrl\":\"https:\/\/www.decisioneo.fr\/wp-content\/uploads\/2020\/11\/cropped-DecisioNEO_icone-1.png\",\"width\":512,\"height\":512,\"caption\":\"D\u00e9cisioNEO\"},\"image\":{\"@id\":\"https:\/\/www.decisioneo.fr\/#\/schema\/logo\/image\/\"}}]}<\/script>\n<!-- \/ Yoast SEO plugin. -->","yoast_head_json":{"title":"Observatoire -","robots":{"index":"index","follow":"follow","max-snippet":"max-snippet:-1","max-image-preview":"max-image-preview:large","max-video-preview":"max-video-preview:-1"},"canonical":"https:\/\/www.decisioneo.fr\/index.php\/observatoire\/","og_locale":"fr_FR","og_type":"article","og_title":"Observatoire -","og_description":"OBSERVATOIRE Toute ann\u00e9e confondue, les ann\u00e9es COVID ont \u00e9t\u00e9 marqu\u00e9es au contraire de toutes les pr\u00e9visions. Parmi les entreprises faisant l\u2019objet d\u2019une ouverture de proc\u00e9dure collective, il y a eu en F\u00e9vrier 2023 : KOOKAI &#8211; Habillement &#8211; 144 \u00e9tablissements GO SPORT &#8211; Articles de sport &#8211; 86 \u00e9tablissements ANDRE &#8211; Chaussures &#8211; 56 \u00e9tablissements...","og_url":"https:\/\/www.decisioneo.fr\/index.php\/observatoire\/","article_modified_time":"2023-03-12T19:20:50+00:00","og_image":[{"url":"https:\/\/www.decisioneo.fr\/wp-content\/uploads\/2023\/03\/Ouvertures_PCL_2009_2022.png"}],"twitter_card":"summary_large_image","twitter_misc":{"Dur\u00e9e de lecture estim\u00e9e":"1 minute"},"schema":{"@context":"https:\/\/schema.org","@graph":[{"@type":"WebPage","@id":"https:\/\/www.decisioneo.fr\/index.php\/observatoire\/","url":"https:\/\/www.decisioneo.fr\/index.php\/observatoire\/","name":"Observatoire -","isPartOf":{"@id":"https:\/\/www.decisioneo.fr\/#website"},"datePublished":"2023-03-07T20:24:12+00:00","dateModified":"2023-03-12T19:20:50+00:00","breadcrumb":{"@id":"https:\/\/www.decisioneo.fr\/index.php\/observatoire\/#breadcrumb"},"inLanguage":"fr-FR","potentialAction":[{"@type":"ReadAction","target":["https:\/\/www.decisioneo.fr\/index.php\/observatoire\/"]}]},{"@type":"BreadcrumbList","@id":"https:\/\/www.decisioneo.fr\/index.php\/observatoire\/#breadcrumb","itemListElement":[{"@type":"ListItem","position":1,"name":"Accueil","item":"https:\/\/www.decisioneo.fr\/"},{"@type":"ListItem","position":2,"name":"Observatoire"}]},{"@type":"WebSite","@id":"https:\/\/www.decisioneo.fr\/#website","url":"https:\/\/www.decisioneo.fr\/","name":"","description":"","publisher":{"@id":"https:\/\/www.decisioneo.fr\/#organization"},"potentialAction":[{"@type":"SearchAction","target":{"@type":"EntryPoint","urlTemplate":"https:\/\/www.decisioneo.fr\/?s={search_term_string}"},"query-input":"required name=search_term_string"}],"inLanguage":"fr-FR"},{"@type":"Organization","@id":"https:\/\/www.decisioneo.fr\/#organization","name":"D\u00e9cisioNEO","url":"https:\/\/www.decisioneo.fr\/","logo":{"@type":"ImageObject","inLanguage":"fr-FR","@id":"https:\/\/www.decisioneo.fr\/#\/schema\/logo\/image\/","url":"https:\/\/www.decisioneo.fr\/wp-content\/uploads\/2020\/11\/cropped-DecisioNEO_icone-1.png","contentUrl":"https:\/\/www.decisioneo.fr\/wp-content\/uploads\/2020\/11\/cropped-DecisioNEO_icone-1.png","width":512,"height":512,"caption":"D\u00e9cisioNEO"},"image":{"@id":"https:\/\/www.decisioneo.fr\/#\/schema\/logo\/image\/"}}]}},"_links":{"self":[{"href":"https:\/\/www.decisioneo.fr\/index.php\/wp-json\/wp\/v2\/pages\/1445","targetHints":{"allow":["GET"]}}],"collection":[{"href":"https:\/\/www.decisioneo.fr\/index.php\/wp-json\/wp\/v2\/pages"}],"about":[{"href":"https:\/\/www.decisioneo.fr\/index.php\/wp-json\/wp\/v2\/types\/page"}],"author":[{"embeddable":true,"href":"https:\/\/www.decisioneo.fr\/index.php\/wp-json\/wp\/v2\/users\/1"}],"replies":[{"embeddable":true,"href":"https:\/\/www.decisioneo.fr\/index.php\/wp-json\/wp\/v2\/comments?post=1445"}],"version-history":[{"count":37,"href":"https:\/\/www.decisioneo.fr\/index.php\/wp-json\/wp\/v2\/pages\/1445\/revisions"}],"predecessor-version":[{"id":1515,"href":"https:\/\/www.decisioneo.fr\/index.php\/wp-json\/wp\/v2\/pages\/1445\/revisions\/1515"}],"wp:attachment":[{"href":"https:\/\/www.decisioneo.fr\/index.php\/wp-json\/wp\/v2\/media?parent=1445"}],"curies":[{"name":"wp","href":"https:\/\/api.w.org\/{rel}","templated":true}]}}